{"id":28,"date":"2021-06-14T08:54:28","date_gmt":"2021-06-14T08:54:28","guid":{"rendered":"http:\/\/test.diener-berlin.de\/?page_id=28"},"modified":"2023-01-06T19:28:38","modified_gmt":"2023-01-06T18:28:38","slug":"willkommen","status":"publish","type":"page","link":"https:\/\/diener-berlin.de\/","title":{"rendered":"Willkommen"},"content":{"rendered":"\n<p><\/p>\n\n\n\n<p><strong>Sch\u00f6n, dass Sie uns gesucht und gefunden haben!<\/strong><br>Wir freuen uns, dass Sie sich f\u00fcr unseren &#8222;DIENER&#8220; interessieren und nat\u00fcrlich auf Ihren n\u00e4chsten Besuch. Bis dahin bieten wir Ihnen viele n\u00e4here Informationen \u00fcber unsere Kultkneipe in Charlottenburg, einem der sch\u00f6nsten Kieze in der gro\u00dfartigen Stadt Berlin. Hier lohnt es sich zu flanieren, zu verweilen, interessante Leute zu treffen und ein oder zwei Gl\u00e4schen zu trinken und vielleicht ein gutes Schnitzel zu essen&#8230;.<br><strong>Wo ? Nat\u00fcrlich im DIENER. <\/strong><\/p>\n","protected":false},"excerpt":{"rendered":"<p>Sch\u00f6n, dass Sie uns gesucht und gefunden haben!Wir freuen uns, dass Sie sich f\u00fcr unseren &#8222;DIENER&#8220; interessieren und nat\u00fcrlich auf Ihren n\u00e4chsten Besuch. Bis dahin [&#8230;]<\/p>\n","protected":false},"author":1,"featured_media":14,"parent":0,"menu_order":0,"comment_status":"closed","ping_status":"closed","template":"","meta":[],"_links":{"self":[{"href":"https:\/\/diener-berlin.de\/index.php?rest_route=\/wp\/v2\/pages\/28"}],"collection":[{"href":"https:\/\/diener-berlin.de\/index.php?rest_route=\/wp\/v2\/pages"}],"about":[{"href":"https:\/\/diener-berlin.de\/index.php?rest_route=\/wp\/v2\/types\/page"}],"author":[{"embeddable":true,"href":"https:\/\/diener-berlin.de\/index.php?rest_route=\/wp\/v2\/users\/1"}],"replies":[{"embeddable":true,"href":"https:\/\/diener-berlin.de\/index.php?rest_route=%2Fwp%2Fv2%2Fcomments&post=28"}],"version-history":[{"count":8,"href":"https:\/\/diener-berlin.de\/index.php?rest_route=\/wp\/v2\/pages\/28\/revisions"}],"predecessor-version":[{"id":222,"href":"https:\/\/diener-berlin.de\/index.php?rest_route=\/wp\/v2\/pages\/28\/revisions\/222"}],"wp:featuredmedia":[{"embeddable":true,"href":"https:\/\/diener-berlin.de\/index.php?rest_route=\/wp\/v2\/media\/14"}],"wp:attachment":[{"href":"https:\/\/diener-berlin.de\/index.php?rest_route=%2Fwp%2Fv2%2Fmedia&parent=28"}],"curies":[{"name":"wp","href":"https:\/\/api.w.org\/{rel}","templated":true}]}}