{"id":35,"date":"2021-06-14T08:56:50","date_gmt":"2021-06-14T08:56:50","guid":{"rendered":"http:\/\/test.diener-berlin.de\/?page_id=35"},"modified":"2026-01-05T16:11:01","modified_gmt":"2026-01-05T15:11:01","slug":"getraenke","status":"publish","type":"page","link":"https:\/\/diener-berlin.de\/?page_id=35","title":{"rendered":"Getr\u00e4nke"},"content":{"rendered":"\n<p>Schultheiss, M\u00e4rkischer Landmann, Jever, K\u00f6lsch, Wei\u00dfbiere, Himbeere und Waldmeister, Tonics und Fruchts\u00e4fte, Wei\u00df- und Rotweine, Wodka, Aquavit, Havanna Club, Grappa, Calvados und Trester&#8230;.<\/p>\n\n\n\n<div class=\"wp-block-buttons\">\n<div class=\"wp-block-button\"><a class=\"wp-block-button__link has-light-gray-background-color has-text-color has-background\" href=\"https:\/\/diener-berlin.de\/wp-content\/uploads\/2026\/01\/Diener_Getraenkenkarte_2026.pdf\" style=\"color:#13651c\" target=\"_blank\" rel=\"noreferrer noopener\"><strong>Getr\u00e4nkekarte<\/strong><\/a><\/div>\n<\/div>\n","protected":false},"excerpt":{"rendered":"<p>Schultheiss, M\u00e4rkischer Landmann, Jever, K\u00f6lsch, Wei\u00dfbiere, Himbeere und Waldmeister, Tonics und Fruchts\u00e4fte, Wei\u00df- und Rotweine, Wodka, Aquavit, Havanna Club, Grappa, Calvados und Trester&#8230;.<\/p>\n","protected":false},"author":1,"featured_media":109,"parent":0,"menu_order":0,"comment_status":"closed","ping_status":"closed","template":"","meta":[],"_links":{"self":[{"href":"https:\/\/diener-berlin.de\/index.php?rest_route=\/wp\/v2\/pages\/35"}],"collection":[{"href":"https:\/\/diener-berlin.de\/index.php?rest_route=\/wp\/v2\/pages"}],"about":[{"href":"https:\/\/diener-berlin.de\/index.php?rest_route=\/wp\/v2\/types\/page"}],"author":[{"embeddable":true,"href":"https:\/\/diener-berlin.de\/index.php?rest_route=\/wp\/v2\/users\/1"}],"replies":[{"embeddable":true,"href":"https:\/\/diener-berlin.de\/index.php?rest_route=%2Fwp%2Fv2%2Fcomments&post=35"}],"version-history":[{"count":10,"href":"https:\/\/diener-berlin.de\/index.php?rest_route=\/wp\/v2\/pages\/35\/revisions"}],"predecessor-version":[{"id":282,"href":"https:\/\/diener-berlin.de\/index.php?rest_route=\/wp\/v2\/pages\/35\/revisions\/282"}],"wp:featuredmedia":[{"embeddable":true,"href":"https:\/\/diener-berlin.de\/index.php?rest_route=\/wp\/v2\/media\/109"}],"wp:attachment":[{"href":"https:\/\/diener-berlin.de\/index.php?rest_route=%2Fwp%2Fv2%2Fmedia&parent=35"}],"curies":[{"name":"wp","href":"https:\/\/api.w.org\/{rel}","templated":true}]}}